{"id":10,"date":"2020-07-10T09:57:04","date_gmt":"2020-07-10T07:57:04","guid":{"rendered":"http:\/\/magazin.jacorprojekt.de\/?page_id=10"},"modified":"2026-01-21T11:43:58","modified_gmt":"2026-01-21T10:43:58","slug":"startseite","status":"publish","type":"page","link":"https:\/\/single-sachsen.de\/magazin\/","title":{"rendered":"Startseite"},"content":{"rendered":"<div class=\"wpb-content-wrapper\"><p>[vc_row][vc_column el_class=&#8220;custombloglist&#8220; width=&#8220;2\/3&#8243;][vc_raw_html el_class=&#8220;displaymobile blocktop&#8220;]JTNDaDIlM0VTSU5HTEVTJTIwU0FDSFNFTiUzQyUyRmgyJTNFJTBBJTNDYSUyMGNsYXNzJTNEJTIyYnRuJTIwYnRuLXByaW1hcnklMjBidG4tYmxvY2slMjBidG4tYWI2MCUyMiUyMGhyZWYlM0QlMjJodHRwcyUzQSUyRiUyRnNpbmdsZS1zYWNoc2VuLmRlJTJGJTNGQUlEJTNEV2lkZ2V0X3NpbmdsZXNhY2hzZW4lMjIlMjB0YXJnZXQlM0QlMjJfYmxhbmslMjIlM0VKZXR6dCUyMFNpbmdsZXMlMjBmaW5kZW4lM0MlMkZhJTNF[\/vc_raw_html]<div class=\"latest-blog vertical clearfix\"><div class=\"latest-blog-list  clearfix wpb_content_element\">\n\t\t\t\t\t\t\t<div class=\"blog-list-item-thumb\"><a href=\"https:\/\/single-sachsen.de\/magazin\/dating\/alte-liebe-was-sie-bedeutet\/\" title=\"Alte Liebe \u2013 Was sie bedeutet und warum sie uns nie ganz losl\u00e4sst\"><img decoding=\"async\" src=\"https:\/\/single-sachsen.de\/magazin\/wp-content\/uploads\/2026\/03\/Alte-Liebe.png\" alt=\"Alte Liebe \u2013 Was sie bedeutet und warum sie uns nie ganz losl\u00e4sst\" \/><\/a><\/div>\n\t\t\t\t\t\t  \t<div class=\"blog-list-item-description\">\n\t\t\t\t\t\t\t\t<h3><a href=\"https:\/\/single-sachsen.de\/magazin\/dating\/alte-liebe-was-sie-bedeutet\/\" title=\"Alte Liebe \u2013 Was sie bedeutet und warum sie uns nie ganz losl\u00e4sst\">Alte Liebe \u2013 Was sie bedeutet und warum sie uns nie ganz losl\u00e4sst<\/a><\/h3>\n\t\t\t\t\t\t\t  \t<div class=\"blog-list-item-excerpt\">Du scrollst durch dein Handy und siehst pl\u00f6tzlich ein Foto von fr\u00fcher. Ein Name taucht auf \u2013 und mit ihm Gef\u00fchle, von denen du dachtest,.. <a href=\"https:\/\/single-sachsen.de\/magazin\/dating\/alte-liebe-was-sie-bedeutet\/\">Weiterlesen<\/a><\/div>\n\t\t\t\t\t\t\t<\/div>\n\t\t\t\t\t  \t<\/div><div class=\"latest-blog-list  clearfix wpb_content_element\">\n\t\t\t\t\t\t\t<div class=\"blog-list-item-thumb\"><a href=\"https:\/\/single-sachsen.de\/magazin\/partnersuche\/erstes-date-nach-langer-sin\/\" title=\"Erstes Date nach langer Single-Zeit \u2013 So gelingt der Neustart\"><img decoding=\"async\" src=\"https:\/\/single-sachsen.de\/magazin\/wp-content\/uploads\/2026\/03\/1774275821791-image_generation-google.png\" alt=\"Erstes Date nach langer Single-Zeit \u2013 So gelingt der Neustart\" \/><\/a><\/div>\n\t\t\t\t\t\t  \t<div class=\"blog-list-item-description\">\n\t\t\t\t\t\t\t\t<h3><a href=\"https:\/\/single-sachsen.de\/magazin\/partnersuche\/erstes-date-nach-langer-sin\/\" title=\"Erstes Date nach langer Single-Zeit \u2013 So gelingt der Neustart\">Erstes Date nach langer Single-Zeit \u2013 So gelingt der Neustart<\/a><\/h3>\n\t\t\t\t\t\t\t  \t<div class=\"blog-list-item-excerpt\">Das Herz schl\u00e4gt schneller. Die H\u00e4nde sind ein bisschen feucht. Und im Kopf kreisen hundert Fragen gleichzeitig. Wer nach langer Zeit als Single wieder auf.. <a href=\"https:\/\/single-sachsen.de\/magazin\/partnersuche\/erstes-date-nach-langer-sin\/\">Weiterlesen<\/a><\/div>\n\t\t\t\t\t\t\t<\/div>\n\t\t\t\t\t  \t<\/div><div class=\"latest-blog-list  clearfix wpb_content_element\">\n\t\t\t\t\t\t\t<div class=\"blog-list-item-thumb\"><a href=\"https:\/\/single-sachsen.de\/magazin\/beziehung\/beziehung-mit-juengerem-mann-s\/\" title=\"Beziehung mit j\u00fcngerem Mann: So gelingt die Partnerschaft mit Altersunterschied\"><img decoding=\"async\" src=\"https:\/\/single-sachsen.de\/magazin\/wp-content\/uploads\/2026\/03\/1773312715756-image_generation-google.png\" alt=\"Beziehung mit j\u00fcngerem Mann: So gelingt die Partnerschaft mit Altersunterschied\" \/><\/a><\/div>\n\t\t\t\t\t\t  \t<div class=\"blog-list-item-description\">\n\t\t\t\t\t\t\t\t<h3><a href=\"https:\/\/single-sachsen.de\/magazin\/beziehung\/beziehung-mit-juengerem-mann-s\/\" title=\"Beziehung mit j\u00fcngerem Mann: So gelingt die Partnerschaft mit Altersunterschied\">Beziehung mit j\u00fcngerem Mann: So gelingt die Partnerschaft mit Altersunterschied<\/a><\/h3>\n\t\t\t\t\t\t\t  \t<div class=\"blog-list-item-excerpt\">Heutzutage gibt es zahlreiche Beziehungsmodelle. Besonders die offene Beziehung gewinnt immer mehr an Beliebtheit, denn dieses spannende Modell der Partnerschaft macht viele Menschen neugierig. Wir.. <a href=\"https:\/\/single-sachsen.de\/magazin\/beziehung\/beziehung-mit-juengerem-mann-s\/\">Weiterlesen<\/a><\/div>\n\t\t\t\t\t\t\t<\/div>\n\t\t\t\t\t  \t<\/div><div class=\"latest-blog-list  clearfix wpb_content_element\">\n\t\t\t\t\t\t\t<div class=\"blog-list-item-thumb\"><a href=\"https:\/\/single-sachsen.de\/magazin\/liebe\/intimitaet-im-dating\/\" title=\"5 Formen von Intimit\u00e4t beim Dating\"><img decoding=\"async\" src=\"https:\/\/single-sachsen.de\/magazin\/wp-content\/uploads\/2026\/03\/pexels-cottonbro-9374137-1-1.jpg\" alt=\"5 Formen von Intimit\u00e4t beim Dating\" \/><\/a><\/div>\n\t\t\t\t\t\t  \t<div class=\"blog-list-item-description\">\n\t\t\t\t\t\t\t\t<h3><a href=\"https:\/\/single-sachsen.de\/magazin\/liebe\/intimitaet-im-dating\/\" title=\"5 Formen von Intimit\u00e4t beim Dating\">5 Formen von Intimit\u00e4t beim Dating<\/a><\/h3>\n\t\t\t\t\t\t\t  \t<div class=\"blog-list-item-excerpt\">Intimit\u00e4t ist ein Begriff, der oft mit k\u00f6rperlicher N\u00e4he gleichgesetzt wird, dabei reicht seine Bedeutung weit dar\u00fcber hinaus. Sie ist ein zutiefst menschliches Bed\u00fcrfnis. Dieses.. <a href=\"https:\/\/single-sachsen.de\/magazin\/liebe\/intimitaet-im-dating\/\">Weiterlesen<\/a><\/div>\n\t\t\t\t\t\t\t<\/div>\n\t\t\t\t\t  \t<\/div><div class=\"latest-blog-list  clearfix wpb_content_element\">\n\t\t\t\t\t\t\t<div class=\"blog-list-item-thumb\"><a href=\"https:\/\/single-sachsen.de\/magazin\/liebe\/5-arten-der-liebe\/\" title=\"5 Arten der Liebe \u2013 Welcher Typ bist du?\"><img decoding=\"async\" src=\"https:\/\/single-sachsen.de\/magazin\/wp-content\/uploads\/2026\/02\/pexels-michaela-st-3448542-20566.jpg\" alt=\"5 Arten der Liebe \u2013 Welcher Typ bist du?\" \/><\/a><\/div>\n\t\t\t\t\t\t  \t<div class=\"blog-list-item-description\">\n\t\t\t\t\t\t\t\t<h3><a href=\"https:\/\/single-sachsen.de\/magazin\/liebe\/5-arten-der-liebe\/\" title=\"5 Arten der Liebe \u2013 Welcher Typ bist du?\">5 Arten der Liebe \u2013 Welcher Typ bist du?<\/a><\/h3>\n\t\t\t\t\t\t\t  \t<div class=\"blog-list-item-excerpt\">Liebe ist ein Gef\u00fchl, das uns alle begleitet und unser Leben pr\u00e4gt. Doch Liebe ist nicht gleich Liebe. Es gibt viele verschiedene Arten, wie Menschen.. <a href=\"https:\/\/single-sachsen.de\/magazin\/liebe\/5-arten-der-liebe\/\">Weiterlesen<\/a><\/div>\n\t\t\t\t\t\t\t<\/div>\n\t\t\t\t\t  \t<\/div><div class=\"latest-blog-list  clearfix wpb_content_element\">\n\t\t\t\t\t\t\t<div class=\"blog-list-item-thumb\"><a href=\"https:\/\/single-sachsen.de\/magazin\/partnersuche\/hochzeitsplanung-in-sachsen-ihr\/\" title=\"Hochzeitsplanung in Sachsen: Ihr Weg zur Traumhochzeit\"><img decoding=\"async\" src=\"https:\/\/single-sachsen.de\/magazin\/wp-content\/uploads\/2026\/01\/Steckbrief-neue-01.07.2024-48.png\" alt=\"Hochzeitsplanung in Sachsen: Ihr Weg zur Traumhochzeit\" \/><\/a><\/div>\n\t\t\t\t\t\t  \t<div class=\"blog-list-item-description\">\n\t\t\t\t\t\t\t\t<h3><a href=\"https:\/\/single-sachsen.de\/magazin\/partnersuche\/hochzeitsplanung-in-sachsen-ihr\/\" title=\"Hochzeitsplanung in Sachsen: Ihr Weg zur Traumhochzeit\">Hochzeitsplanung in Sachsen: Ihr Weg zur Traumhochzeit<\/a><\/h3>\n\t\t\t\t\t\t\t  \t<div class=\"blog-list-item-excerpt\">Eine Hochzeit ist ein Moment im Leben, der f\u00fcr immer in Erinnerung bleibt. F\u00fcr viele Paare in Sachsen beginnt mit der Verlobung eine spannende, aber.. <a href=\"https:\/\/single-sachsen.de\/magazin\/partnersuche\/hochzeitsplanung-in-sachsen-ihr\/\">Weiterlesen<\/a><\/div>\n\t\t\t\t\t\t\t<\/div>\n\t\t\t\t\t  \t<\/div><\/div>[\/vc_column][vc_column width=&#8220;1\/3&#8243;][vc_widget_sidebar sidebar_id=&#8220;blog-widgets&#8220;][\/vc_column][\/vc_row]<\/p>\n<\/div>","protected":false},"excerpt":{"rendered":"<p>[vc_row][vc_column el_class=&#8220;custombloglist&#8220; width=&#8220;2\/3&#8243;][vc_raw_html el_class=&#8220;displaymobile blocktop&#8220;]JTNDaDIlM0VTSU5HTEVTJTIwU0FDSFNFTiUzQyUyRmgyJTNFJTBBJTNDYSUyMGNsYXNzJTNEJTIyYnRuJTIwYnRuLXByaW1hcnklMjBidG4tYmxvY2slMjBidG4tYWI2MCUyMiUyMGhyZWYlM0QlMjJodHRwcyUzQSUyRiUyRnNpbmdsZS1zYWNoc2VuLmRlJTJGJTNGQUlEJTNEV2lkZ2V0X3NpbmdsZXNhY2hzZW4lMjIlMjB0YXJnZXQlM0QlMjJfYmxhbmslMjIlM0VKZXR6dCUyMFNpbmdsZXMlMjBmaW5kZW4lM0MlMkZhJTNF[\/vc_raw_html][\/vc_column][vc_column width=&#8220;1\/3&#8243;][vc_widget_sidebar sidebar_id=&#8220;blog-widgets&#8220;][\/vc_column][\/vc_row]<\/p>\n","protected":false},"author":1,"featured_media":0,"parent":0,"menu_order":0,"comment_status":"closed","ping_status":"closed","template":"","meta":{"footnotes":""},"class_list":["post-10","page","type-page","status-publish","hentry"],"_links":{"self":[{"href":"https:\/\/single-sachsen.de\/magazin\/wp-json\/wp\/v2\/pages\/10","targetHints":{"allow":["GET"]}}],"collection":[{"href":"https:\/\/single-sachsen.de\/magazin\/wp-json\/wp\/v2\/pages"}],"about":[{"href":"https:\/\/single-sachsen.de\/magazin\/wp-json\/wp\/v2\/types\/page"}],"author":[{"embeddable":true,"href":"https:\/\/single-sachsen.de\/magazin\/wp-json\/wp\/v2\/users\/1"}],"replies":[{"embeddable":true,"href":"https:\/\/single-sachsen.de\/magazin\/wp-json\/wp\/v2\/comments?post=10"}],"version-history":[{"count":11,"href":"https:\/\/single-sachsen.de\/magazin\/wp-json\/wp\/v2\/pages\/10\/revisions"}],"predecessor-version":[{"id":1523,"href":"https:\/\/single-sachsen.de\/magazin\/wp-json\/wp\/v2\/pages\/10\/revisions\/1523"}],"wp:attachment":[{"href":"https:\/\/single-sachsen.de\/magazin\/wp-json\/wp\/v2\/media?parent=10"}],"curies":[{"name":"wp","href":"https:\/\/api.w.org\/{rel}","templated":true}]}}